{"id":22,"date":"2025-02-09T17:33:32","date_gmt":"2025-02-09T10:33:32","guid":{"rendered":"https:\/\/c54222.co\/?page_id=22"},"modified":"2025-02-09T17:33:32","modified_gmt":"2025-02-09T10:33:32","slug":"c54333","status":"publish","type":"page","link":"https:\/\/c54222.co\/","title":{"rendered":"C54333: Trang ch\u1ee7 \u0110\u0103ng k\u00fd, \u0110\u0103ng nh\u1eadp ch\u00ednh th\u1ee9c +88k"},"content":{"rendered":"<p><strong>C54333<\/strong> l\u00e0 nh\u00e0 c\u00e1i tr\u1ef1c tuy\u1ebfn uy t\u00edn v\u1edbi c\u01a1 ch\u1ebf b\u1ea3o m\u1eadt th\u00f4ng tin an to\u00e0n. Th\u00e0nh vi\u00ean khi tham gia c\u00e1 c\u01b0\u1ee3c s\u1ebd \u0111\u01b0\u1ee3c h\u1ed7 tr\u1ee3 mi\u1ec5n ph\u00ed 1 trong 2 ph\u1ea7n th\u01b0\u1edfng t\u00e2n th\u1ee7 68k ho\u1eb7c 88k hi\u1ec7n \u0111ang m\u1edf r\u1ea5t Hot.<\/p>\n<figure id=\"attachment_9\" aria-describedby=\"caption-attachment-9\" style=\"width: 2550px\" class=\"wp-caption aligncenter\"><img loading=\"lazy\" decoding=\"async\" class=\"wp-image-9 size-full\" src=\"https:\/\/c54222.co\/wp-content\/uploads\/2025\/02\/hoan-cuoc-thua-c54333-scaled.webp\" alt=\"Ho\u00e0n tr\u1ea3 c\u01b0\u1ee3c\" width=\"2560\" height=\"533\" srcset=\"https:\/\/c54222.co\/wp-content\/uploads\/2025\/02\/hoan-cuoc-thua-c54333-scaled.webp 2560w, https:\/\/c54222.co\/wp-content\/uploads\/2025\/02\/hoan-cuoc-thua-c54333-300x63.webp 300w, https:\/\/c54222.co\/wp-content\/uploads\/2025\/02\/hoan-cuoc-thua-c54333-1024x213.webp 1024w, https:\/\/c54222.co\/wp-content\/uploads\/2025\/02\/hoan-cuoc-thua-c54333-768x160.webp 768w, https:\/\/c54222.co\/wp-content\/uploads\/2025\/02\/hoan-cuoc-thua-c54333-1536x320.webp 1536w, https:\/\/c54222.co\/wp-content\/uploads\/2025\/02\/hoan-cuoc-thua-c54333-2048x427.webp 2048w, https:\/\/c54222.co\/wp-content\/uploads\/2025\/02\/hoan-cuoc-thua-c54333-192x40.webp 192w, https:\/\/c54222.co\/wp-content\/uploads\/2025\/02\/hoan-cuoc-thua-c54333-154x32.webp 154w, https:\/\/c54222.co\/wp-content\/uploads\/2025\/02\/hoan-cuoc-thua-c54333-336x70.webp 336w, https:\/\/c54222.co\/wp-content\/uploads\/2025\/02\/hoan-cuoc-thua-c54333-384x80.webp 384w, https:\/\/c54222.co\/wp-content\/uploads\/2025\/02\/hoan-cuoc-thua-c54333-648x135.webp 648w\" sizes=\"auto, (max-width: 2560px) 100vw, 2560px\" \/><figcaption id=\"caption-attachment-9\" class=\"wp-caption-text\">Ch\u01b0\u01a1ng tr\u00ecnh ho\u00e0n v\u1ed1n thua t\u1edbi 54000k<\/figcaption><\/figure>\n<p>H\u01b0\u1edbng d\u1eabn \u0111\u0103ng k\u00fd m\u1edf t\u00e0i kho\u1ea3n:<\/p>\n<ul>\n<li>\u0110\u0103ng nh\u1eadp v\u00e0o trang ch\u1ee7 C54 333.com<\/li>\n<li>\u1ea4n v\u00e0o n\u00fat &#8220;\u0110\u0103ng k\u00fd&#8221; \u0111\u1ec3 nh\u1eadp th\u00f4ng tin Account (T\u00ean t\u00e0i kho\u1ea3n, m\u1eadt kh\u1ea9u \u0111\u0103ng nh\u1eadp, s\u1ed1 \u0111i\u1ec7n tho\u1ea1i, email, h\u1ecd t\u00ean th\u1eadt).<\/li>\n<li>Login t\u00e0i kho\u1ea3n x\u00e1c minh s\u1ed1 t\u00e0i kho\u1ea3n ng\u00e2n h\u00e0ng. \u0110\u1ed3ng th\u1eddi l\u1eadp m\u1eadt kh\u1ea9u thanh to\u00e1n.<\/li>\n<\/ul>\n","protected":false},"excerpt":{"rendered":"<p>C54333 l\u00e0 nh\u00e0 c\u00e1i tr\u1ef1c tuy\u1ebfn uy t\u00edn v\u1edbi c\u01a1 ch\u1ebf b\u1ea3o m\u1eadt th\u00f4ng tin an to\u00e0n. Th\u00e0nh vi\u00ean khi tham gia c\u00e1 c\u01b0\u1ee3c s\u1ebd \u0111\u01b0\u1ee3c h\u1ed7 tr\u1ee3 mi\u1ec5n ph\u00ed 1 trong 2 ph\u1ea7n th\u01b0\u1edfng t\u00e2n th\u1ee7 68k ho\u1eb7c 88k hi\u1ec7n \u0111ang m\u1edf r\u1ea5t Hot. H\u01b0\u1edbng d\u1eabn \u0111\u0103ng k\u00fd m\u1edf t\u00e0i kho\u1ea3n: \u0110\u0103ng nh\u1eadp v\u00e0o [&hellip;]<\/p>\n","protected":false},"author":1,"featured_media":0,"parent":0,"menu_order":0,"comment_status":"closed","ping_status":"closed","template":"","meta":{"footnotes":""},"class_list":["post-22","page","type-page","status-publish","hentry"],"_links":{"self":[{"href":"https:\/\/c54222.co\/index.php?rest_route=\/wp\/v2\/pages\/22","targetHints":{"allow":["GET"]}}],"collection":[{"href":"https:\/\/c54222.co\/index.php?rest_route=\/wp\/v2\/pages"}],"about":[{"href":"https:\/\/c54222.co\/index.php?rest_route=\/wp\/v2\/types\/page"}],"author":[{"embeddable":true,"href":"https:\/\/c54222.co\/index.php?rest_route=\/wp\/v2\/users\/1"}],"replies":[{"embeddable":true,"href":"https:\/\/c54222.co\/index.php?rest_route=%2Fwp%2Fv2%2Fcomments&post=22"}],"version-history":[{"count":1,"href":"https:\/\/c54222.co\/index.php?rest_route=\/wp\/v2\/pages\/22\/revisions"}],"predecessor-version":[{"id":23,"href":"https:\/\/c54222.co\/index.php?rest_route=\/wp\/v2\/pages\/22\/revisions\/23"}],"wp:attachment":[{"href":"https:\/\/c54222.co\/index.php?rest_route=%2Fwp%2Fv2%2Fmedia&parent=22"}],"curies":[{"name":"wp","href":"https:\/\/api.w.org\/{rel}","templated":true}]}}